{"id":294,"date":"2025-11-24T19:45:04","date_gmt":"2025-11-24T19:45:04","guid":{"rendered":"https:\/\/csekegabor.keriweb.hu\/?post_type=product&#038;p=294"},"modified":"2025-11-24T19:45:04","modified_gmt":"2025-11-24T19:45:04","slug":"borkabat","status":"publish","type":"product","link":"https:\/\/csekegabor.keriweb.hu\/en\/product\/borkabat\/","title":{"rendered":"B\u0151rkab\u00e1t"},"content":{"rendered":"<div class=\"xs_social_share_widget xs_share_url after_content \t\tmain_content  wslu-style-1 wslu-share-box-shaped wslu-fill-colored wslu-none wslu-share-horizontal wslu-theme-font-no wslu-main_content\">\n\n\t\t\n        <ul>\n\t\t\t        <\/ul>\n    <\/div>","protected":false},"excerpt":{"rendered":"<p><span style=\"font-family: georgia, palatino, serif;\">Egy igaz\u00e1n fantasztikus b\u00f3rkab\u00e1t.<\/span><\/p>","protected":false},"featured_media":296,"template":"","meta":{"_acf_changed":false},"product_brand":[20],"product_cat":[32],"product_tag":[33],"class_list":{"0":"post-294","1":"product","2":"type-product","3":"status-publish","4":"has-post-thumbnail","6":"product_brand-desideri-e-passioni","7":"product_cat-ferfi","8":"product_tag-ferfi","10":"first","11":"instock","12":"taxable","13":"shipping-taxable","14":"purchasable","15":"product-type-simple"},"acf":[],"_links":{"self":[{"href":"https:\/\/csekegabor.keriweb.hu\/en\/wp-json\/wp\/v2\/product\/294","targetHints":{"allow":["GET"]}}],"collection":[{"href":"https:\/\/csekegabor.keriweb.hu\/en\/wp-json\/wp\/v2\/product"}],"about":[{"href":"https:\/\/csekegabor.keriweb.hu\/en\/wp-json\/wp\/v2\/types\/product"}],"wp:featuredmedia":[{"embeddable":true,"href":"https:\/\/csekegabor.keriweb.hu\/en\/wp-json\/wp\/v2\/media\/296"}],"wp:attachment":[{"href":"https:\/\/csekegabor.keriweb.hu\/en\/wp-json\/wp\/v2\/media?parent=294"}],"wp:term":[{"taxonomy":"product_brand","embeddable":true,"href":"https:\/\/csekegabor.keriweb.hu\/en\/wp-json\/wp\/v2\/product_brand?post=294"},{"taxonomy":"product_cat","embeddable":true,"href":"https:\/\/csekegabor.keriweb.hu\/en\/wp-json\/wp\/v2\/product_cat?post=294"},{"taxonomy":"product_tag","embeddable":true,"href":"https:\/\/csekegabor.keriweb.hu\/en\/wp-json\/wp\/v2\/product_tag?post=294"}],"curies":[{"name":"wp","href":"https:\/\/api.w.org\/{rel}","templated":true}]}}